{"id":737,"date":"2022-03-30T19:26:03","date_gmt":"2022-03-30T17:26:03","guid":{"rendered":"https:\/\/kcb-braugold.de\/startseite\/?page_id=737"},"modified":"2022-07-20T17:52:31","modified_gmt":"2022-07-20T15:52:31","slug":"samba-gruppe","status":"publish","type":"page","link":"https:\/\/kcb-braugold.de\/startseite\/samba-gruppe\/","title":{"rendered":"Samba Gruppe"},"content":{"rendered":"\r\n<p>Die Samba Gruppe geh\u00f6rt seit 2012 zum Karneval Club Braugold e.V. Neben den Auftritten w\u00e4hrend der Karnevalsaison, hat die Gruppe das ganze Jahr \u00fcber diverse Anfragen zu Hochzeiten, Geburtstagen, Firmenjubil\u00e4en und sonstigen Festen. Wer Sie live erleben m\u00f6chte oder auch mitspielen mag, einfach die Kontaktanfrage absenden.<\/p>\r\n\r\n\r\n\r\n<div class=\"wp-block-image\">\r\n<figure class=\"aligncenter is-resized\"><a href=\"https:\/\/sambainerfurt.wordpress.com\/\" target=\"_blank\" rel=\"noopener\"><img loading=\"lazy\" decoding=\"async\" src=\"https:\/\/sambainerfurt.files.wordpress.com\/2020\/08\/cropped-logo-2-e1598211435750.jpg?resize=219%2C219\" alt=\"cropped-logo-2-e1598211435750.jpg\" width=\"219\" height=\"219\" \/><\/a>\r\n<figcaption><a href=\"https:\/\/sambainerfurt.wordpress.com\/\" target=\"_blank\" rel=\"noreferrer noopener\">Link zu unserer Samba Gruppe<\/a><\/figcaption>\r\n<\/figure>\r\n<\/div>\r\n\r\n\r\n\r\n<p class=\"has-medium-font-size\">\u00a0<\/p>\r\n","protected":false},"excerpt":{"rendered":"<p>Die Samba Gruppe geh\u00f6rt seit 2012 zum Karneval Club Braugold e.V. Neben den Auftritten w\u00e4hrend der Karnevalsaison, hat die Gruppe das ganze Jahr \u00fcber diverse Anfragen zu Hochzeiten, Geburtstagen, Firmenjubil\u00e4en und sonstigen Festen. Wer Sie live erleben m\u00f6chte oder auch mitspielen mag, einfach die Kontaktanfrage absenden. \u00a0<\/p>\n","protected":false},"author":7,"featured_media":0,"parent":0,"menu_order":0,"comment_status":"closed","ping_status":"closed","template":"","meta":{"pgc_sgb_lightbox_settings":"","footnotes":""},"class_list":["post-737","page","type-page","status-publish","hentry"],"_links":{"self":[{"href":"https:\/\/kcb-braugold.de\/startseite\/wp-json\/wp\/v2\/pages\/737","targetHints":{"allow":["GET"]}}],"collection":[{"href":"https:\/\/kcb-braugold.de\/startseite\/wp-json\/wp\/v2\/pages"}],"about":[{"href":"https:\/\/kcb-braugold.de\/startseite\/wp-json\/wp\/v2\/types\/page"}],"author":[{"embeddable":true,"href":"https:\/\/kcb-braugold.de\/startseite\/wp-json\/wp\/v2\/users\/7"}],"replies":[{"embeddable":true,"href":"https:\/\/kcb-braugold.de\/startseite\/wp-json\/wp\/v2\/comments?post=737"}],"version-history":[{"count":7,"href":"https:\/\/kcb-braugold.de\/startseite\/wp-json\/wp\/v2\/pages\/737\/revisions"}],"predecessor-version":[{"id":1049,"href":"https:\/\/kcb-braugold.de\/startseite\/wp-json\/wp\/v2\/pages\/737\/revisions\/1049"}],"wp:attachment":[{"href":"https:\/\/kcb-braugold.de\/startseite\/wp-json\/wp\/v2\/media?parent=737"}],"curies":[{"name":"wp","href":"https:\/\/api.w.org\/{rel}","templated":true}]}}