{"id":734,"date":"2022-03-30T19:26:03","date_gmt":"2022-03-30T17:26:03","guid":{"rendered":"https:\/\/kcb-braugold.de\/startseite\/?page_id=734"},"modified":"2022-12-10T14:21:59","modified_gmt":"2022-12-10T13:21:59","slug":"akteure","status":"publish","type":"page","link":"https:\/\/kcb-braugold.de\/startseite\/akteure\/","title":{"rendered":"\u00dcber uns"},"content":{"rendered":"\r\n<p><img loading=\"lazy\" decoding=\"async\" class=\"aligncenter size-full wp-image-1171\" src=\"https:\/\/kcb-braugold.de\/startseite\/wp-content\/uploads\/2022\/12\/IMG_20221111_115555-scaled.jpg\" alt=\"\" width=\"2560\" height=\"1920\" srcset=\"https:\/\/kcb-braugold.de\/startseite\/wp-content\/uploads\/2022\/12\/IMG_20221111_115555-scaled.jpg 2560w, https:\/\/kcb-braugold.de\/startseite\/wp-content\/uploads\/2022\/12\/IMG_20221111_115555-300x225.jpg 300w, https:\/\/kcb-braugold.de\/startseite\/wp-content\/uploads\/2022\/12\/IMG_20221111_115555-1024x768.jpg 1024w, https:\/\/kcb-braugold.de\/startseite\/wp-content\/uploads\/2022\/12\/IMG_20221111_115555-768x576.jpg 768w, https:\/\/kcb-braugold.de\/startseite\/wp-content\/uploads\/2022\/12\/IMG_20221111_115555-1536x1152.jpg 1536w, https:\/\/kcb-braugold.de\/startseite\/wp-content\/uploads\/2022\/12\/IMG_20221111_115555-2048x1536.jpg 2048w\" sizes=\"auto, (max-width: 767px) 89vw, (max-width: 1000px) 54vw, (max-width: 1071px) 543px, 580px\" \/><\/p>\r\n<p>Was w\u00e4re der KCB ohne seine vielen Aktiven und freiwilligen Helfer vor und hinter der B\u00fchne. Ihr seid das Herz und die Seele unseres Vereins. Wir freuen uns auf viele sch\u00f6ne Momente mit Euch allen.<\/p>","protected":false},"excerpt":{"rendered":"<p>Was w\u00e4re der KCB ohne seine vielen Aktiven und freiwilligen Helfer vor und hinter der B\u00fchne. Ihr seid das Herz und die Seele unseres Vereins. Wir freuen uns auf viele sch\u00f6ne Momente mit Euch allen.<\/p>\n","protected":false},"author":7,"featured_media":0,"parent":0,"menu_order":0,"comment_status":"closed","ping_status":"closed","template":"","meta":{"pgc_sgb_lightbox_settings":"","footnotes":""},"class_list":["post-734","page","type-page","status-publish","hentry"],"_links":{"self":[{"href":"https:\/\/kcb-braugold.de\/startseite\/wp-json\/wp\/v2\/pages\/734","targetHints":{"allow":["GET"]}}],"collection":[{"href":"https:\/\/kcb-braugold.de\/startseite\/wp-json\/wp\/v2\/pages"}],"about":[{"href":"https:\/\/kcb-braugold.de\/startseite\/wp-json\/wp\/v2\/types\/page"}],"author":[{"embeddable":true,"href":"https:\/\/kcb-braugold.de\/startseite\/wp-json\/wp\/v2\/users\/7"}],"replies":[{"embeddable":true,"href":"https:\/\/kcb-braugold.de\/startseite\/wp-json\/wp\/v2\/comments?post=734"}],"version-history":[{"count":8,"href":"https:\/\/kcb-braugold.de\/startseite\/wp-json\/wp\/v2\/pages\/734\/revisions"}],"predecessor-version":[{"id":1174,"href":"https:\/\/kcb-braugold.de\/startseite\/wp-json\/wp\/v2\/pages\/734\/revisions\/1174"}],"wp:attachment":[{"href":"https:\/\/kcb-braugold.de\/startseite\/wp-json\/wp\/v2\/media?parent=734"}],"curies":[{"name":"wp","href":"https:\/\/api.w.org\/{rel}","templated":true}]}}