{"id":36,"date":"2017-11-30T22:17:24","date_gmt":"2017-11-30T21:17:24","guid":{"rendered":"http:\/\/kcb-braugold.de\/startseite\/?page_id=36"},"modified":"2025-11-22T13:53:49","modified_gmt":"2025-11-22T12:53:49","slug":"startseite","status":"publish","type":"page","link":"https:\/\/kcb-braugold.de\/startseite\/","title":{"rendered":""},"content":{"rendered":"<h2 style=\"text-align: center;\"><strong>Willkommen in der neuen Saison<\/strong><\/h2>\n<p><img loading=\"lazy\" decoding=\"async\" class=\"size-full wp-image-1570 alignleft\" src=\"https:\/\/kcb-braugold.de\/startseite\/wp-content\/uploads\/2024\/11\/Andre.jpg\" alt=\"\" width=\"235\" height=\"298\" \/><\/p>\n<p>Liebe Mitglieder, Ehrenmitglieder, Sponsoren und Freunde des Erfurter Karnevals,<\/p>\n<p>\u201eHumor ist der Knopf, der verhindert, dass uns der Kragen platzt.\u201c <br \/>\u2013 Joachim Ringelnatz<br \/>Mit diesem heiteren Zitat begr\u00fc\u00dfe ich euch herzlich zur <strong>51. Session des Karneval-Club Braugold e.V.<\/strong><\/p>\n<p>Nach unserem gro\u00dfartigen Jubil\u00e4um im vergangenen Jahr starten wir nun voller Elan und Freude in ein neues n\u00e4rrisches Jahr \u2013 mit noch mehr Schwung, Zusammenhalt und Lebensfreude. Denn Karneval bedeutet mehr als nur bunte Kost\u00fcme und laute Musik: Es ist Gemeinschaft, Ehrenamt, Herzblut \u2013 und ein Lachen, das verbindet.<\/p>\n<p>Unser diesj\u00e4hriges Motto bringt es auf den Punkt: <strong>\u201eLasst uns Tanzen, Lachen, Singen, allen Menschen Freude bringen!\u201c<\/strong><\/p>\n<p>Mit diesem Leitspruch wollen wir Menschen bewegen, begeistern und vor allem eines: Freude schenken \u2013 egal ob auf der B\u00fchne, am Stra\u00dfenrand oder im Herzen.<\/p>\n<p>Ein gro\u00dfes Dankesch\u00f6n geht an alle, die diesen Verein tragen und gestalten: unsere engagierten Trainerinnen, Co-Trainerinnen, die flei\u00dfigen Betreuer, unsere aktiven Mitglieder und nat\u00fcrlich an alle Eltern, die im Hintergrund mit anpacken. Ihr seid das Fundament unseres Erfolgs!<br \/>Unser Nachwuchs zeigt Jahr f\u00fcr Jahr, was mit Leidenschaft und Disziplin m\u00f6glich ist \u2013 sei es im Training oder auf den Turnieren. Wir sind stolz auf euch und eure Leistungen!<\/p>\n<p>Ebenso danken wir unseren treuen Sponsoren und Unterst\u00fctzern. Ohne eure Hilfe w\u00e4ren viele Projekte, Auftritte und Veranstaltungen nicht realisierbar. Ihr macht es m\u00f6glich, dass wir weiter wachsen und unsere Tradition leben k\u00f6nnen.<br \/>Freuen wir uns also gemeinsam auf eine bunte, lebendige und fr\u00f6hliche Session \u2013 mit vielen Veranstaltungen, dem traditionellen Brauereifasching und einer gro\u00dfen Portion guter Laune!<\/p>\n<p>Mit einem dreifach donnernden:<strong> Braufa Helau! \u2013 Erfurt Helau! \u2013 Karneval Helau!<\/strong><\/p>\n<p>Mit karnevalistischen Gr\u00fc\u00dfen,<\/p>\n<p>Andr\u00e9 Kramer<br \/>Pr\u00e4sident des Karneval-Club Braugold \u00a0<\/p>\n<p>&nbsp;<\/p>\n<hr \/>\n<p>&nbsp;<\/p>\n<p style=\"text-align: center;\">Termine Session 2025 \/ 2026 &#8211;<br \/><strong><a href=\"https:\/\/kcb-braugold.de\/startseite\/event-types\/?event_type=13\">Hier findet ihr unsere Veranstaltungen\u00a0<\/a><\/strong><\/p>\n<p>&nbsp;<\/p>\n<p><!-- \/wp:post-content --><\/p>\n","protected":false},"excerpt":{"rendered":"<p>Willkommen in der neuen Saison Liebe Mitglieder, Ehrenmitglieder, Sponsoren und Freunde des Erfurter Karnevals, \u201eHumor ist der Knopf, der verhindert, dass uns der Kragen platzt.\u201c \u2013 Joachim RingelnatzMit diesem heiteren Zitat begr\u00fc\u00dfe ich euch herzlich zur 51. Session des Karneval-Club Braugold e.V. Nach unserem gro\u00dfartigen Jubil\u00e4um im vergangenen Jahr starten wir nun voller Elan und &hellip; <\/p>\n<p class=\"link-more\"><a href=\"https:\/\/kcb-braugold.de\/startseite\/\" class=\"more-link\"><span class=\"screen-reader-text\">\u201e\u201c <\/span>weiterlesen<\/a><\/p>\n","protected":false},"author":7,"featured_media":0,"parent":0,"menu_order":0,"comment_status":"closed","ping_status":"closed","template":"","meta":{"pgc_sgb_lightbox_settings":"","footnotes":""},"class_list":["post-36","page","type-page","status-publish","hentry"],"_links":{"self":[{"href":"https:\/\/kcb-braugold.de\/startseite\/wp-json\/wp\/v2\/pages\/36","targetHints":{"allow":["GET"]}}],"collection":[{"href":"https:\/\/kcb-braugold.de\/startseite\/wp-json\/wp\/v2\/pages"}],"about":[{"href":"https:\/\/kcb-braugold.de\/startseite\/wp-json\/wp\/v2\/types\/page"}],"author":[{"embeddable":true,"href":"https:\/\/kcb-braugold.de\/startseite\/wp-json\/wp\/v2\/users\/7"}],"replies":[{"embeddable":true,"href":"https:\/\/kcb-braugold.de\/startseite\/wp-json\/wp\/v2\/comments?post=36"}],"version-history":[{"count":81,"href":"https:\/\/kcb-braugold.de\/startseite\/wp-json\/wp\/v2\/pages\/36\/revisions"}],"predecessor-version":[{"id":1900,"href":"https:\/\/kcb-braugold.de\/startseite\/wp-json\/wp\/v2\/pages\/36\/revisions\/1900"}],"wp:attachment":[{"href":"https:\/\/kcb-braugold.de\/startseite\/wp-json\/wp\/v2\/media?parent=36"}],"curies":[{"name":"wp","href":"https:\/\/api.w.org\/{rel}","templated":true}]}}