{"id":21,"date":"2019-11-11T11:11:43","date_gmt":"2019-11-11T10:11:43","guid":{"rendered":"http:\/\/kcb-braugold.de\/startseite\/?page_id=21"},"modified":"2025-11-22T13:58:15","modified_gmt":"2025-11-22T12:58:15","slug":"prinzenpaar","status":"publish","type":"page","link":"https:\/\/kcb-braugold.de\/startseite\/prinzenpaar\/","title":{"rendered":"Prinzenpaar 2025 \/ 2026"},"content":{"rendered":"<p style=\"text-align: center;\"><strong>Wir gratulieren dem Prinzenpaar der Landeshauptstadt Erfurt f\u00fcr die Saison 2025 \/ 2026 und w\u00fcnschen eine sch\u00f6ne und unvergessliche Zeit.<\/strong><\/p>\n<p><a href=\"https:\/\/kcb-braugold.de\/startseite\/wp-content\/uploads\/2025\/11\/PP_2025_26_CMYK_Vereine_Hefte.tif\"><img decoding=\"async\" class=\"aligncenter size-full wp-image-1902\" src=\"https:\/\/kcb-braugold.de\/startseite\/wp-content\/uploads\/2025\/11\/PP_2025_26_CMYK_Vereine_Hefte.tif\" alt=\"\" \/><\/a><\/p>\n<p><img loading=\"lazy\" decoding=\"async\" class=\"aligncenter size-full wp-image-1903\" src=\"https:\/\/kcb-braugold.de\/startseite\/wp-content\/uploads\/2025\/11\/01_PP_56-26.jpg\" alt=\"\" width=\"314\" height=\"468\" srcset=\"https:\/\/kcb-braugold.de\/startseite\/wp-content\/uploads\/2025\/11\/01_PP_56-26.jpg 314w, https:\/\/kcb-braugold.de\/startseite\/wp-content\/uploads\/2025\/11\/01_PP_56-26-201x300.jpg 201w\" sizes=\"auto, (max-width: 314px) 100vw, 314px\" \/><\/p>\n<p style=\"text-align: center;\">Wir gratulieren dem Prinzenpaar der<br \/>\nGemeinschaft Erfurter Carneval<br \/>\nund w\u00fcnschen euch eine tolle und unvergessliche<br \/>\nSession 2025 \/ 2026.<\/p>\n<hr \/>\n<p><img loading=\"lazy\" decoding=\"async\" class=\"aligncenter size-full wp-image-1904\" src=\"https:\/\/kcb-braugold.de\/startseite\/wp-content\/uploads\/2025\/11\/02_PP_56-26.jpg\" alt=\"\" width=\"314\" height=\"468\" srcset=\"https:\/\/kcb-braugold.de\/startseite\/wp-content\/uploads\/2025\/11\/02_PP_56-26.jpg 314w, https:\/\/kcb-braugold.de\/startseite\/wp-content\/uploads\/2025\/11\/02_PP_56-26-201x300.jpg 201w\" sizes=\"auto, (max-width: 314px) 100vw, 314px\" \/><\/p>\n<p style=\"text-align: center;\">Wir sind voller Stolz und freuen uns,<br \/>\ndass der diesj\u00e4hrige Kinderprinz Lenny I. aus unserem<br \/>\nVerein kommt.<br \/>\nLieber Lenny, wir w\u00fcnschen dir und deiner<br \/>\nbezaubernden Kinderprinzessin Mathilda I. eine<br \/>\ntolle Session 2025 \/ 2026.<\/p>\n","protected":false},"excerpt":{"rendered":"<p>Wir gratulieren dem Prinzenpaar der Landeshauptstadt Erfurt f\u00fcr die Saison 2025 \/ 2026 und w\u00fcnschen eine sch\u00f6ne und unvergessliche Zeit. Wir gratulieren dem Prinzenpaar der Gemeinschaft Erfurter Carneval und w\u00fcnschen euch eine tolle und unvergessliche Session 2025 \/ 2026. Wir sind voller Stolz und freuen uns, dass der diesj\u00e4hrige Kinderprinz Lenny I. aus unserem Verein &hellip; <\/p>\n<p class=\"link-more\"><a href=\"https:\/\/kcb-braugold.de\/startseite\/prinzenpaar\/\" class=\"more-link\"><span class=\"screen-reader-text\">\u201ePrinzenpaar 2025 \/ 2026\u201c <\/span>weiterlesen<\/a><\/p>\n","protected":false},"author":7,"featured_media":0,"parent":0,"menu_order":0,"comment_status":"closed","ping_status":"closed","template":"","meta":{"pgc_sgb_lightbox_settings":"","footnotes":""},"class_list":["post-21","page","type-page","status-publish","hentry"],"_links":{"self":[{"href":"https:\/\/kcb-braugold.de\/startseite\/wp-json\/wp\/v2\/pages\/21","targetHints":{"allow":["GET"]}}],"collection":[{"href":"https:\/\/kcb-braugold.de\/startseite\/wp-json\/wp\/v2\/pages"}],"about":[{"href":"https:\/\/kcb-braugold.de\/startseite\/wp-json\/wp\/v2\/types\/page"}],"author":[{"embeddable":true,"href":"https:\/\/kcb-braugold.de\/startseite\/wp-json\/wp\/v2\/users\/7"}],"replies":[{"embeddable":true,"href":"https:\/\/kcb-braugold.de\/startseite\/wp-json\/wp\/v2\/comments?post=21"}],"version-history":[{"count":45,"href":"https:\/\/kcb-braugold.de\/startseite\/wp-json\/wp\/v2\/pages\/21\/revisions"}],"predecessor-version":[{"id":1901,"href":"https:\/\/kcb-braugold.de\/startseite\/wp-json\/wp\/v2\/pages\/21\/revisions\/1901"}],"wp:attachment":[{"href":"https:\/\/kcb-braugold.de\/startseite\/wp-json\/wp\/v2\/media?parent=21"}],"curies":[{"name":"wp","href":"https:\/\/api.w.org\/{rel}","templated":true}]}}