{"id":1913,"date":"2025-11-22T14:09:43","date_gmt":"2025-11-22T13:09:43","guid":{"rendered":"https:\/\/kcb-braugold.de\/startseite\/?page_id=1913"},"modified":"2025-11-22T14:09:59","modified_gmt":"2025-11-22T13:09:59","slug":"teamwochenende-2025","status":"publish","type":"page","link":"https:\/\/kcb-braugold.de\/startseite\/teamwochenende-2025\/","title":{"rendered":"Teamwochenende 2025"},"content":{"rendered":"<p><strong>Am letzten Augustwochenende 2025 trafen wir uns zu unserem Teamwochenende im Ferienlager Feuerkuppe. Die Vorfreude war gro\u00df, besonders bei unseren j\u00fcngsten Mitgliedern: Wir hatten einige \u00dcberraschungen im Gep\u00e4ck, die f\u00fcr strahlende Augen und gute Laune sorgen sollten. Bereits beim Ankommen am Freitag lie\u00dfen sich die Erwartungen in einer angenehmen, entspannten Stimmung beobachten, als die H\u00e4user bezogen wurden und sich die ersten Gespr\u00e4che \u00fcber das kommende Programm entsponnen.<\/strong><\/p>\n<p><img loading=\"lazy\" decoding=\"async\" class=\"aligncenter size-full wp-image-1914\" src=\"https:\/\/kcb-braugold.de\/startseite\/wp-content\/uploads\/2025\/11\/01_TW_01.jpg\" alt=\"\" width=\"815\" height=\"291\" srcset=\"https:\/\/kcb-braugold.de\/startseite\/wp-content\/uploads\/2025\/11\/01_TW_01.jpg 815w, https:\/\/kcb-braugold.de\/startseite\/wp-content\/uploads\/2025\/11\/01_TW_01-300x107.jpg 300w, https:\/\/kcb-braugold.de\/startseite\/wp-content\/uploads\/2025\/11\/01_TW_01-768x274.jpg 768w\" sizes=\"auto, (max-width: 767px) 89vw, (max-width: 1000px) 54vw, (max-width: 1071px) 543px, 580px\" \/><\/p>\n<p>Nach einem gem\u00fctlichen Abend, der bei Austausch und kleinen Spielen ausklang, begann der Samstag mit einem reichhaltigen Fr\u00fchst\u00fcck. Frisch gest\u00e4rkt starteten wir den Vormittag damit, unsere Schaut\u00e4nze zu perfektionieren.<\/p>\n<p>Der Vormittag stand ganz im Zeichen des Miteinanders und der Kreativit\u00e4t: Nach intensiven Proben folgte ein k\u00f6stliches Mittagessen. Danach l\u00fcfteten wir endlich das Geheimnis des \u00dcberraschungsausflugs: Unser Ziel war die Sommerrodelbahn und der angrenzende Affenwald.<\/p>\n<p><img loading=\"lazy\" decoding=\"async\" class=\"size-full wp-image-1915 alignleft\" src=\"https:\/\/kcb-braugold.de\/startseite\/wp-content\/uploads\/2025\/11\/01_TW_02.jpg\" alt=\"\" width=\"308\" height=\"613\" srcset=\"https:\/\/kcb-braugold.de\/startseite\/wp-content\/uploads\/2025\/11\/01_TW_02.jpg 308w, https:\/\/kcb-braugold.de\/startseite\/wp-content\/uploads\/2025\/11\/01_TW_02-151x300.jpg 151w\" sizes=\"auto, (max-width: 308px) 100vw, 308px\" \/><\/p>\n<p>Die Vorfreude war riesig, als wir die Rucks\u00e4cke schnallten und uns auf knapp zwei Kilometer durch den Wald begaben. Dort angekommen, hie\u00df es dann: Erstmal eine runde Rodeln und dann zu den \u00c4ffchen. Auch wenn der ein oder andere gern ein kleines \u00c4ffchen als Mitbringsel mit nach Hause genommen h\u00e4tte. So blieb am Ende nur ein Pl\u00fcsch\u00e4ffchen als charmantes Andenken. Die Einnahmen vom Kinderkarneval wurden f\u00fcr diesen tollen Ausflug genutzt und boten allen ein tolles Erlebnis.<\/p>\n<p>Am Nachmittag ging es zur\u00fcck zum Ferienlager. Die Wiese bot Platz zum freien Spiel oder es wurde Gebastelt.<br \/>\nBei einem deftigen Grillen lie\u00dfen wir den Tag in einer gem\u00fctlichen Atmosph\u00e4re Revue passieren. Den Tag schlossen die J\u00fcngsten mit einer spannenden Schnitzeljagd quer \u00fcber das gesamte Gel\u00e4nde des Ferienlagers ab. Die Gro\u00dfen g\u00f6nnten sich w\u00e4hrenddessen k\u00f6stliche Schokok\u00fcsse und nutzten sie \u00fcberraschend sogar als kleine Haarkur.<\/p>\n<p>Sonntags starteten wir mit ruhiger Routine, einem gemeinsamen Fr\u00fchst\u00fcck, das neue Kraft f\u00fcr die letzten Programmpunkt gab: Es hie\u00df noch einmal Training und anschlie\u00dfend packten wir zusammen.<\/p>\n<p><img loading=\"lazy\" decoding=\"async\" class=\"size-full wp-image-1917 alignleft\" src=\"https:\/\/kcb-braugold.de\/startseite\/wp-content\/uploads\/2025\/11\/01_TW_04.jpg\" alt=\"\" width=\"458\" height=\"284\" srcset=\"https:\/\/kcb-braugold.de\/startseite\/wp-content\/uploads\/2025\/11\/01_TW_04.jpg 458w, https:\/\/kcb-braugold.de\/startseite\/wp-content\/uploads\/2025\/11\/01_TW_04-300x186.jpg 300w\" sizes=\"auto, (max-width: 458px) 100vw, 458px\" \/><\/p>\n<p>Vielen\u00a0Dank an die Organisation durch unserer Jugendbeauftragten Stefanie Ruch, unseren Sponsor Apleona sowie des gesamten Vorstands f\u00fcr die Unterst\u00fctzung und Hilfe.<\/p>\n<p>&nbsp;<\/p>\n<p>&nbsp;<\/p>\n<p>&nbsp;<\/p>\n<p>&nbsp;<\/p>\n<p>&nbsp;<\/p>\n<p>&nbsp;<\/p>\n","protected":false},"excerpt":{"rendered":"<p>Am letzten Augustwochenende 2025 trafen wir uns zu unserem Teamwochenende im Ferienlager Feuerkuppe. Die Vorfreude war gro\u00df, besonders bei unseren j\u00fcngsten Mitgliedern: Wir hatten einige \u00dcberraschungen im Gep\u00e4ck, die f\u00fcr strahlende Augen und gute Laune sorgen sollten. Bereits beim Ankommen am Freitag lie\u00dfen sich die Erwartungen in einer angenehmen, entspannten Stimmung beobachten, als die H\u00e4user &hellip; <\/p>\n<p class=\"link-more\"><a href=\"https:\/\/kcb-braugold.de\/startseite\/teamwochenende-2025\/\" class=\"more-link\"><span class=\"screen-reader-text\">\u201eTeamwochenende 2025\u201c <\/span>weiterlesen<\/a><\/p>\n","protected":false},"author":7,"featured_media":0,"parent":0,"menu_order":0,"comment_status":"closed","ping_status":"closed","template":"","meta":{"pgc_sgb_lightbox_settings":"","footnotes":""},"class_list":["post-1913","page","type-page","status-publish","hentry"],"_links":{"self":[{"href":"https:\/\/kcb-braugold.de\/startseite\/wp-json\/wp\/v2\/pages\/1913","targetHints":{"allow":["GET"]}}],"collection":[{"href":"https:\/\/kcb-braugold.de\/startseite\/wp-json\/wp\/v2\/pages"}],"about":[{"href":"https:\/\/kcb-braugold.de\/startseite\/wp-json\/wp\/v2\/types\/page"}],"author":[{"embeddable":true,"href":"https:\/\/kcb-braugold.de\/startseite\/wp-json\/wp\/v2\/users\/7"}],"replies":[{"embeddable":true,"href":"https:\/\/kcb-braugold.de\/startseite\/wp-json\/wp\/v2\/comments?post=1913"}],"version-history":[{"count":3,"href":"https:\/\/kcb-braugold.de\/startseite\/wp-json\/wp\/v2\/pages\/1913\/revisions"}],"predecessor-version":[{"id":1919,"href":"https:\/\/kcb-braugold.de\/startseite\/wp-json\/wp\/v2\/pages\/1913\/revisions\/1919"}],"wp:attachment":[{"href":"https:\/\/kcb-braugold.de\/startseite\/wp-json\/wp\/v2\/media?parent=1913"}],"curies":[{"name":"wp","href":"https:\/\/api.w.org\/{rel}","templated":true}]}}