{"id":1864,"date":"2025-05-05T09:47:10","date_gmt":"2025-05-05T07:47:10","guid":{"rendered":"https:\/\/kcb-braugold.de\/startseite\/?page_id=1864"},"modified":"2025-05-05T09:47:10","modified_gmt":"2025-05-05T07:47:10","slug":"tanz-in-den-mai","status":"publish","type":"page","link":"https:\/\/kcb-braugold.de\/startseite\/tanz-in-den-mai\/","title":{"rendered":"Tanz in den Mai"},"content":{"rendered":"<p style=\"margin-right: 7.5pt; background: white;\"><span style=\"font-family: 'Segoe UI',sans-serif; color: black;\">Am 1. Mai hie\u00df es f\u00fcr uns \u201eSport frei\u201c auf dem Erfurter Domplatz. Das Wetter zeigte sich von seiner besten Seite \u2013 strahlender Sonnenschein und ein blauer Himmel schufen die perfekte Kulisse f\u00fcr unseren Tag.<\/span><\/p>\n<p style=\"margin-right: 7.5pt; background: white;\"><span style=\"font-family: 'Segoe UI',sans-serif; color: black;\">Mit unserem Stand direkt bei der Hauptb\u00fchne durften wir kleine und gro\u00dfe G\u00e4ste herzlich willkommen hei\u00dfen. Unsere T\u00e4nzer zeigten den ganzen Tag \u00fcber ihr K\u00f6nnen auf einer Sportmatte und begeisterten das Publikum. Der Gl\u00fccksrad-Stand, betreut von unserem Kinderpr\u00e4sidenten Leopold, war ein gro\u00dfer Spa\u00df f\u00fcr alle Kinder, die ihr Gl\u00fcck versuchen wollten. Au\u00dferdem sorgten wir mit Kinderschminken und Glitzer-Tattoos f\u00fcr strahlende Kinderaugen.<\/span><\/p>\n<p><img loading=\"lazy\" decoding=\"async\" class=\"aligncenter wp-image-1868\" src=\"https:\/\/kcb-braugold.de\/startseite\/wp-content\/uploads\/2025\/05\/WhatsApp-Image-2025-05-01-at-17.57.58.jpeg\" alt=\"\" width=\"259\" height=\"346\" srcset=\"https:\/\/kcb-braugold.de\/startseite\/wp-content\/uploads\/2025\/05\/WhatsApp-Image-2025-05-01-at-17.57.58.jpeg 1536w, https:\/\/kcb-braugold.de\/startseite\/wp-content\/uploads\/2025\/05\/WhatsApp-Image-2025-05-01-at-17.57.58-225x300.jpeg 225w, https:\/\/kcb-braugold.de\/startseite\/wp-content\/uploads\/2025\/05\/WhatsApp-Image-2025-05-01-at-17.57.58-768x1024.jpeg 768w, https:\/\/kcb-braugold.de\/startseite\/wp-content\/uploads\/2025\/05\/WhatsApp-Image-2025-05-01-at-17.57.58-1152x1536.jpeg 1152w\" sizes=\"auto, (max-width: 259px) 100vw, 259px\" \/><\/p>\n<p style=\"margin-right: 7.5pt; background: white;\"><span style=\"font-family: 'Segoe UI',sans-serif; color: black;\">Ein besonderes Highlight war unser Auftritt auf der gro\u00dfen Hauptb\u00fchne, bei dem sich unsere Minnie M\u00e4use sowie die drei Altersgruppen der Jugend, Junioren und \u00dc15 mit unserem Gemeinschaftstanz pr\u00e4sentieren durften.<\/span><\/p>\n<p style=\"margin-right: 7.5pt; background: white;\"><span style=\"font-family: 'Segoe UI',sans-serif; color: black;\">Als kr\u00f6nenden Abschluss st\u00fcrmten wir das Fahrgesch\u00e4ft und fuhren gemeinsam f\u00fcnf Minuten (!!!) lang eine rasante Berg- und Talfahrt \u2013 herzlichen Dank an unseren Pr\u00e4sidenten f\u00fcr die tolle \u00dcberraschung!<\/span><\/p>\n<p><img loading=\"lazy\" decoding=\"async\" class=\"aligncenter wp-image-1866\" src=\"https:\/\/kcb-braugold.de\/startseite\/wp-content\/uploads\/2025\/05\/WhatsApp-Image-2025-05-01-at-15.47.35.jpeg\" alt=\"\" width=\"349\" height=\"262\" srcset=\"https:\/\/kcb-braugold.de\/startseite\/wp-content\/uploads\/2025\/05\/WhatsApp-Image-2025-05-01-at-15.47.35.jpeg 2048w, https:\/\/kcb-braugold.de\/startseite\/wp-content\/uploads\/2025\/05\/WhatsApp-Image-2025-05-01-at-15.47.35-300x225.jpeg 300w, https:\/\/kcb-braugold.de\/startseite\/wp-content\/uploads\/2025\/05\/WhatsApp-Image-2025-05-01-at-15.47.35-1024x769.jpeg 1024w, https:\/\/kcb-braugold.de\/startseite\/wp-content\/uploads\/2025\/05\/WhatsApp-Image-2025-05-01-at-15.47.35-768x576.jpeg 768w, https:\/\/kcb-braugold.de\/startseite\/wp-content\/uploads\/2025\/05\/WhatsApp-Image-2025-05-01-at-15.47.35-1536x1153.jpeg 1536w\" sizes=\"auto, (max-width: 349px) 100vw, 349px\" \/><\/p>\n<p style=\"margin-right: 7.5pt; background: white;\"><span style=\"font-family: 'Segoe UI',sans-serif; color: black;\">Der Tag war rundum gelungen, mit viel Spiel, Spa\u00df und tollen Momenten auf dem gesamten Erfurter Domplatz.<\/span><\/p>\n<p style=\"margin-right: 7.5pt; background: white;\"><span style=\"font-family: 'Segoe UI',sans-serif; color: black;\">Ein gro\u00dfes Dankesch\u00f6n geht an alle Helfer, die diesen gro\u00dfartigen Tag m\u00f6glich gemacht haben, sowie an alle Besucher. Wir freuen uns schon jetzt auf das n\u00e4chste Jahr und auf weitere unvergessliche Momente beim Tanz in den Mai!<\/span><\/p>\n","protected":false},"excerpt":{"rendered":"<p>Am 1. Mai hie\u00df es f\u00fcr uns \u201eSport frei\u201c auf dem Erfurter Domplatz. Das Wetter zeigte sich von seiner besten Seite \u2013 strahlender Sonnenschein und ein blauer Himmel schufen die perfekte Kulisse f\u00fcr unseren Tag. Mit unserem Stand direkt bei der Hauptb\u00fchne durften wir kleine und gro\u00dfe G\u00e4ste herzlich willkommen hei\u00dfen. Unsere T\u00e4nzer zeigten den &hellip; <\/p>\n<p class=\"link-more\"><a href=\"https:\/\/kcb-braugold.de\/startseite\/tanz-in-den-mai\/\" class=\"more-link\"><span class=\"screen-reader-text\">\u201eTanz in den Mai\u201c <\/span>weiterlesen<\/a><\/p>\n","protected":false},"author":7,"featured_media":0,"parent":0,"menu_order":0,"comment_status":"closed","ping_status":"closed","template":"","meta":{"pgc_sgb_lightbox_settings":"","footnotes":""},"class_list":["post-1864","page","type-page","status-publish","hentry"],"_links":{"self":[{"href":"https:\/\/kcb-braugold.de\/startseite\/wp-json\/wp\/v2\/pages\/1864","targetHints":{"allow":["GET"]}}],"collection":[{"href":"https:\/\/kcb-braugold.de\/startseite\/wp-json\/wp\/v2\/pages"}],"about":[{"href":"https:\/\/kcb-braugold.de\/startseite\/wp-json\/wp\/v2\/types\/page"}],"author":[{"embeddable":true,"href":"https:\/\/kcb-braugold.de\/startseite\/wp-json\/wp\/v2\/users\/7"}],"replies":[{"embeddable":true,"href":"https:\/\/kcb-braugold.de\/startseite\/wp-json\/wp\/v2\/comments?post=1864"}],"version-history":[{"count":3,"href":"https:\/\/kcb-braugold.de\/startseite\/wp-json\/wp\/v2\/pages\/1864\/revisions"}],"predecessor-version":[{"id":1870,"href":"https:\/\/kcb-braugold.de\/startseite\/wp-json\/wp\/v2\/pages\/1864\/revisions\/1870"}],"wp:attachment":[{"href":"https:\/\/kcb-braugold.de\/startseite\/wp-json\/wp\/v2\/media?parent=1864"}],"curies":[{"name":"wp","href":"https:\/\/api.w.org\/{rel}","templated":true}]}}