{"id":1810,"date":"2024-12-05T11:27:28","date_gmt":"2024-12-05T10:27:28","guid":{"rendered":"https:\/\/kcb-braugold.de\/startseite\/?page_id=1810"},"modified":"2024-12-05T11:27:28","modified_gmt":"2024-12-05T10:27:28","slug":"buett","status":"publish","type":"page","link":"https:\/\/kcb-braugold.de\/startseite\/buett\/","title":{"rendered":"B\u00fctt"},"content":{"rendered":"<p><strong>Ehemalig als &#8222;Emma&#8220; in der B\u00fctt aktiv, ist unsere Petra Wilschewski nun als Trainer t\u00e4tig.<\/strong><\/p>\n<p>Als Trainerin steht sie ihnen nicht nur mit Rat und Tat zur Seite, sie schreibt die B\u00fcttenreden auch selber. Dabei geht sie auf die Pers\u00f6nlichkeit der Kinder ein und passt diese nach den W\u00fcnschen an. Somit sind Lacher garantiert!<\/p>\n<p><img loading=\"lazy\" decoding=\"async\" class=\"aligncenter size-full wp-image-1811\" src=\"https:\/\/kcb-braugold.de\/startseite\/wp-content\/uploads\/2024\/12\/Buett.jpg\" alt=\"\" width=\"1800\" height=\"600\" srcset=\"https:\/\/kcb-braugold.de\/startseite\/wp-content\/uploads\/2024\/12\/Buett.jpg 1800w, https:\/\/kcb-braugold.de\/startseite\/wp-content\/uploads\/2024\/12\/Buett-300x100.jpg 300w, https:\/\/kcb-braugold.de\/startseite\/wp-content\/uploads\/2024\/12\/Buett-1024x341.jpg 1024w, https:\/\/kcb-braugold.de\/startseite\/wp-content\/uploads\/2024\/12\/Buett-768x256.jpg 768w, https:\/\/kcb-braugold.de\/startseite\/wp-content\/uploads\/2024\/12\/Buett-1536x512.jpg 1536w\" sizes=\"auto, (max-width: 767px) 89vw, (max-width: 1000px) 54vw, (max-width: 1071px) 543px, 580px\" \/><\/p>\n<p>Wir sind wahnsinnig stolz auf unseren Nachwuchs in der B\u00fctt.<\/p>\n<p>Derzeit stehen Lena, Lenny und Lilly als Geschwisterpaar gemeinsam in der B\u00fctt. Sie nahmen bereits erfolgreich am Wettbewerb &#8222;Jugend in der B\u00fctt&#8220; teil und konnten u. a. als Dt. Meister in ihrer Altersklasse den Titel holen.<\/p>\n<p>Seit dieser Session steht auch unser ehemaliger Kinderprinz Leopold in der B\u00fctt und berichtet von seinen Erlebnissen im einstigen Amt.<\/p>\n","protected":false},"excerpt":{"rendered":"<p>Ehemalig als &#8222;Emma&#8220; in der B\u00fctt aktiv, ist unsere Petra Wilschewski nun als Trainer t\u00e4tig. Als Trainerin steht sie ihnen nicht nur mit Rat und Tat zur Seite, sie schreibt die B\u00fcttenreden auch selber. Dabei geht sie auf die Pers\u00f6nlichkeit der Kinder ein und passt diese nach den W\u00fcnschen an. Somit sind Lacher garantiert! Wir &hellip; <\/p>\n<p class=\"link-more\"><a href=\"https:\/\/kcb-braugold.de\/startseite\/buett\/\" class=\"more-link\"><span class=\"screen-reader-text\">\u201eB\u00fctt\u201c <\/span>weiterlesen<\/a><\/p>\n","protected":false},"author":7,"featured_media":0,"parent":0,"menu_order":0,"comment_status":"closed","ping_status":"closed","template":"","meta":{"pgc_sgb_lightbox_settings":"","footnotes":""},"class_list":["post-1810","page","type-page","status-publish","hentry"],"_links":{"self":[{"href":"https:\/\/kcb-braugold.de\/startseite\/wp-json\/wp\/v2\/pages\/1810","targetHints":{"allow":["GET"]}}],"collection":[{"href":"https:\/\/kcb-braugold.de\/startseite\/wp-json\/wp\/v2\/pages"}],"about":[{"href":"https:\/\/kcb-braugold.de\/startseite\/wp-json\/wp\/v2\/types\/page"}],"author":[{"embeddable":true,"href":"https:\/\/kcb-braugold.de\/startseite\/wp-json\/wp\/v2\/users\/7"}],"replies":[{"embeddable":true,"href":"https:\/\/kcb-braugold.de\/startseite\/wp-json\/wp\/v2\/comments?post=1810"}],"version-history":[{"count":2,"href":"https:\/\/kcb-braugold.de\/startseite\/wp-json\/wp\/v2\/pages\/1810\/revisions"}],"predecessor-version":[{"id":1813,"href":"https:\/\/kcb-braugold.de\/startseite\/wp-json\/wp\/v2\/pages\/1810\/revisions\/1813"}],"wp:attachment":[{"href":"https:\/\/kcb-braugold.de\/startseite\/wp-json\/wp\/v2\/media?parent=1810"}],"curies":[{"name":"wp","href":"https:\/\/api.w.org\/{rel}","templated":true}]}}