{"id":1795,"date":"2024-12-05T10:07:09","date_gmt":"2024-12-05T09:07:09","guid":{"rendered":"https:\/\/kcb-braugold.de\/startseite\/?page_id=1795"},"modified":"2024-12-05T10:08:23","modified_gmt":"2024-12-05T09:08:23","slug":"weihnachtsfeier","status":"publish","type":"page","link":"https:\/\/kcb-braugold.de\/startseite\/weihnachtsfeier\/","title":{"rendered":"Weihnachtsfeier"},"content":{"rendered":"<p><strong>P\u00fcnktlich zum 1. Dezember l\u00e4uteten wir bei unserer Weihnachtsfeier f\u00fcr unsere j\u00fcngsten Mitglieder die ruhige Zeit im Jahr ein.<\/strong><\/p>\n<p>Bei Kakao und Pl\u00e4tzchen z\u00fcndeten wir den Adventskranz an und lauschten Weihnachtsmusik.<\/p>\n<p><img loading=\"lazy\" decoding=\"async\" class=\"aligncenter size-full wp-image-1796\" src=\"https:\/\/kcb-braugold.de\/startseite\/wp-content\/uploads\/2024\/12\/WF_001.jpg\" alt=\"\" width=\"1801\" height=\"600\" srcset=\"https:\/\/kcb-braugold.de\/startseite\/wp-content\/uploads\/2024\/12\/WF_001.jpg 1801w, https:\/\/kcb-braugold.de\/startseite\/wp-content\/uploads\/2024\/12\/WF_001-300x100.jpg 300w, https:\/\/kcb-braugold.de\/startseite\/wp-content\/uploads\/2024\/12\/WF_001-1024x341.jpg 1024w, https:\/\/kcb-braugold.de\/startseite\/wp-content\/uploads\/2024\/12\/WF_001-768x256.jpg 768w, https:\/\/kcb-braugold.de\/startseite\/wp-content\/uploads\/2024\/12\/WF_001-1536x512.jpg 1536w\" sizes=\"auto, (max-width: 767px) 89vw, (max-width: 1000px) 54vw, (max-width: 1071px) 543px, 580px\" \/><\/p>\n<p>Ein gern gesehener Gast: der Weihnachtsmann. <span style=\"font-size: 1rem;\">Er brachte dieses Jahr KCB &#8211; Bommelm\u00fctzen, sodass der Winter nun kommen kann.<\/span><\/p>\n<p>Neben einer kreativen Bastelecke, bei der bereits das ein oder andere Weihnachtsgeschenk entstanden ist, gab es noch eine Filmvorstellung mit leckeren Popcorn. Zum Abendessen wurden k\u00f6stliche Hotdogs verspeist. Ein rundum gelungener 1. Advent.<\/p>\n<p>Wir sagen Danke an unsere liebe Stefanie Ruch als Jugendbeauftragte sowie ihre flei\u00dfigen Elfen und Wichtel f\u00fcr die tolle Organisation.<\/p>\n<p>&nbsp;<\/p>\n","protected":false},"excerpt":{"rendered":"<p>P\u00fcnktlich zum 1. Dezember l\u00e4uteten wir bei unserer Weihnachtsfeier f\u00fcr unsere j\u00fcngsten Mitglieder die ruhige Zeit im Jahr ein. Bei Kakao und Pl\u00e4tzchen z\u00fcndeten wir den Adventskranz an und lauschten Weihnachtsmusik. Ein gern gesehener Gast: der Weihnachtsmann. Er brachte dieses Jahr KCB &#8211; Bommelm\u00fctzen, sodass der Winter nun kommen kann. Neben einer kreativen Bastelecke, bei &hellip; <\/p>\n<p class=\"link-more\"><a href=\"https:\/\/kcb-braugold.de\/startseite\/weihnachtsfeier\/\" class=\"more-link\"><span class=\"screen-reader-text\">\u201eWeihnachtsfeier\u201c <\/span>weiterlesen<\/a><\/p>\n","protected":false},"author":7,"featured_media":0,"parent":0,"menu_order":0,"comment_status":"closed","ping_status":"closed","template":"","meta":{"pgc_sgb_lightbox_settings":"","footnotes":""},"class_list":["post-1795","page","type-page","status-publish","hentry"],"_links":{"self":[{"href":"https:\/\/kcb-braugold.de\/startseite\/wp-json\/wp\/v2\/pages\/1795","targetHints":{"allow":["GET"]}}],"collection":[{"href":"https:\/\/kcb-braugold.de\/startseite\/wp-json\/wp\/v2\/pages"}],"about":[{"href":"https:\/\/kcb-braugold.de\/startseite\/wp-json\/wp\/v2\/types\/page"}],"author":[{"embeddable":true,"href":"https:\/\/kcb-braugold.de\/startseite\/wp-json\/wp\/v2\/users\/7"}],"replies":[{"embeddable":true,"href":"https:\/\/kcb-braugold.de\/startseite\/wp-json\/wp\/v2\/comments?post=1795"}],"version-history":[{"count":3,"href":"https:\/\/kcb-braugold.de\/startseite\/wp-json\/wp\/v2\/pages\/1795\/revisions"}],"predecessor-version":[{"id":1798,"href":"https:\/\/kcb-braugold.de\/startseite\/wp-json\/wp\/v2\/pages\/1795\/revisions\/1798"}],"wp:attachment":[{"href":"https:\/\/kcb-braugold.de\/startseite\/wp-json\/wp\/v2\/media?parent=1795"}],"curies":[{"name":"wp","href":"https:\/\/api.w.org\/{rel}","templated":true}]}}