{"id":1765,"date":"2024-12-04T11:10:49","date_gmt":"2024-12-04T10:10:49","guid":{"rendered":"https:\/\/kcb-braugold.de\/startseite\/?page_id=1765"},"modified":"2024-12-05T09:39:44","modified_gmt":"2024-12-05T08:39:44","slug":"tanzgruppen","status":"publish","type":"page","link":"https:\/\/kcb-braugold.de\/startseite\/tanzgruppen\/","title":{"rendered":"Tanzgruppen"},"content":{"rendered":"<h4>Wir lieben es zu Tanzen!<\/h4>\n<p>Wir trainieren in allen Altersklassen mit viel Spa\u00df und Freude das ganze Jahr. Unser geschultes und starkes Trainerteam steht f\u00fcr Zusammenhalt und Gruppenst\u00e4rke. Neben einem leistungsstarkem absolvierten Training in Sporthallen im Raum Erfurt, finden ebenfalls viele weitere Highlights statt: Weihnachtsfeiern, Halloweenparty, Trainingslager, uvm.<\/p>\n<p>Seit vielen Jahren sind wir auch im karnevalistischem Tanzsport stark vertreten. Hier k\u00f6nnen wir viele Erfolge verzeichnen und sind unfassbar stolz auf unseren Nachwuchs.<\/p>\n<p>Neben der n\u00e4rrischen Zeit, sind wir auch au\u00dferhalb der Session bei vielen Veranstaltungen anzutreffen.<\/p>\n<p>Wir freuen uns dich schon bald in unserem Training Willkommen zu hei\u00dfen.<\/p>\n<h4>Unsere Tanzgruppen<\/h4>\n<table style=\"height: 1815px;\" width=\"496\">\n<tbody>\n<tr>\n<td><strong>Minnie M\u00e4use<\/strong><\/td>\n<td><strong>\u00a0\u00a0<\/strong><\/td>\n<\/tr>\n<tr>\n<td>Alter<\/td>\n<td>ab 3 &#8211; 6 Jahre<\/td>\n<\/tr>\n<tr>\n<td>Trainingszeit<\/td>\n<td>Donnerstag, 16:30 &#8211; 17:30 Uhr<\/td>\n<\/tr>\n<tr>\n<td>Trainer<\/td>\n<td>Susanne Ludwig<\/td>\n<\/tr>\n<tr>\n<td><\/td>\n<td><\/td>\n<\/tr>\n<tr>\n<td><strong>Solisten<\/strong><\/td>\n<td><strong>\u00a0\u00a0<\/strong><\/td>\n<\/tr>\n<tr>\n<td>Alter<\/td>\n<td>Jugend, Junioren, \u00dc15<\/td>\n<\/tr>\n<tr>\n<td>Trainingszeit<\/td>\n<td>Freitag, 17:00 &#8211; 19:00 Uhr<\/td>\n<\/tr>\n<tr>\n<td><\/td>\n<td>Sonntag, 09:30 &#8211; 11:30 Uhr<\/td>\n<\/tr>\n<tr>\n<td>Trainer<\/td>\n<td>Mandy Leditschke<\/td>\n<\/tr>\n<tr>\n<td><\/td>\n<td><\/td>\n<\/tr>\n<tr>\n<td><strong>Jugend Marschtanz<\/strong><\/td>\n<td><strong>\u00a0\u00a0<\/strong><\/td>\n<\/tr>\n<tr>\n<td>Alter<\/td>\n<td>6 &#8211; 10 Jahre<\/td>\n<\/tr>\n<tr>\n<td>Trainingszeit<\/td>\n<td>Montag, 17:00 &#8211; 18:30 Uhr<\/td>\n<\/tr>\n<tr>\n<td>Trainer<\/td>\n<td>Mandy Leditschke<\/td>\n<\/tr>\n<tr>\n<td><\/td>\n<td><\/td>\n<\/tr>\n<tr>\n<td><strong>Jugend Schautanz<\/strong><\/td>\n<td><strong>\u00a0\u00a0<\/strong><\/td>\n<\/tr>\n<tr>\n<td>Alter<\/td>\n<td>6 &#8211; 10 Jahre<\/td>\n<\/tr>\n<tr>\n<td>Trainingszeit<\/td>\n<td>Donnerstag, 17:00 &#8211; 18:30 Uhr<\/td>\n<\/tr>\n<tr>\n<td>Trainer<\/td>\n<td>Vesta Frenzel<\/td>\n<\/tr>\n<tr>\n<td><\/td>\n<td><\/td>\n<\/tr>\n<tr>\n<td><strong>Junioren Marschtanz<\/strong><\/td>\n<td><strong>\u00a0\u00a0<\/strong><\/td>\n<\/tr>\n<tr>\n<td>Alter<\/td>\n<td>11 &#8211; 15 Jahre<\/td>\n<\/tr>\n<tr>\n<td>Trainingszeit<\/td>\n<td>Montag, 17:00 &#8211; 18:45 Uhr<\/td>\n<\/tr>\n<tr>\n<td>Trainer<\/td>\n<td>Alina Bungert<\/td>\n<\/tr>\n<tr>\n<td><\/td>\n<td><\/td>\n<\/tr>\n<tr>\n<td><strong>Junioren Schautanz<\/strong><\/td>\n<td><strong>\u00a0\u00a0<\/strong><\/td>\n<\/tr>\n<tr>\n<td>Alter<\/td>\n<td>11 &#8211; 15 Jahre<\/td>\n<\/tr>\n<tr>\n<td>Trainingszeit<\/td>\n<td>Donnerstag, 17:00 &#8211; 18:30 Uhr<\/td>\n<\/tr>\n<tr>\n<td>Trainer<\/td>\n<td>Stefanie Ruch<\/td>\n<\/tr>\n<tr>\n<td><\/td>\n<td><\/td>\n<\/tr>\n<tr>\n<td><strong>\u00dc15 Marschtanz<\/strong><\/td>\n<td><strong>\u00a0\u00a0<\/strong><\/td>\n<\/tr>\n<tr>\n<td>Alter<\/td>\n<td>ab 15 Jahren<\/td>\n<\/tr>\n<tr>\n<td>Trainingszeit<\/td>\n<td>Sonntag, 11:30 &#8211; 13:30 Uhr<\/td>\n<\/tr>\n<tr>\n<td>Trainer<\/td>\n<td>Alina Richter<\/td>\n<\/tr>\n<tr>\n<td><\/td>\n<td><\/td>\n<\/tr>\n<tr>\n<td><strong>\u00dc15 Schautanz<\/strong><\/td>\n<td><strong>\u00a0\u00a0<\/strong><\/td>\n<\/tr>\n<tr>\n<td>Alter<\/td>\n<td>ab 15 Jahren<\/td>\n<\/tr>\n<tr>\n<td>Trainingszeit<\/td>\n<td>Sonntag, 11:30 &#8211; 13:30 Uhr<\/td>\n<\/tr>\n<tr>\n<td>Trainer<\/td>\n<td>Mandy Leditschke<\/td>\n<\/tr>\n<tr>\n<td><\/td>\n<td><\/td>\n<\/tr>\n<tr>\n<td><strong>Mamas und Papas<\/strong><\/td>\n<td><strong>\u00a0\u00a0<\/strong><\/td>\n<\/tr>\n<tr>\n<td>Alter<\/td>\n<td>ab 18 Jahren<\/td>\n<\/tr>\n<tr>\n<td>Trainingszeit<\/td>\n<td>Donnerstag, 19:00 &#8211; 21:00 Uhr<\/td>\n<\/tr>\n<tr>\n<td>Trainer<\/td>\n<td>Jasmin Bengsch<\/td>\n<\/tr>\n<tr>\n<td><\/td>\n<td><\/td>\n<\/tr>\n<\/tbody>\n<\/table>\n","protected":false},"excerpt":{"rendered":"<p>Wir lieben es zu Tanzen! Wir trainieren in allen Altersklassen mit viel Spa\u00df und Freude das ganze Jahr. Unser geschultes und starkes Trainerteam steht f\u00fcr Zusammenhalt und Gruppenst\u00e4rke. Neben einem leistungsstarkem absolvierten Training in Sporthallen im Raum Erfurt, finden ebenfalls viele weitere Highlights statt: Weihnachtsfeiern, Halloweenparty, Trainingslager, uvm. Seit vielen Jahren sind wir auch im &hellip; <\/p>\n<p class=\"link-more\"><a href=\"https:\/\/kcb-braugold.de\/startseite\/tanzgruppen\/\" class=\"more-link\"><span class=\"screen-reader-text\">\u201eTanzgruppen\u201c <\/span>weiterlesen<\/a><\/p>\n","protected":false},"author":7,"featured_media":0,"parent":0,"menu_order":0,"comment_status":"closed","ping_status":"closed","template":"","meta":{"pgc_sgb_lightbox_settings":"","footnotes":""},"class_list":["post-1765","page","type-page","status-publish","hentry"],"_links":{"self":[{"href":"https:\/\/kcb-braugold.de\/startseite\/wp-json\/wp\/v2\/pages\/1765","targetHints":{"allow":["GET"]}}],"collection":[{"href":"https:\/\/kcb-braugold.de\/startseite\/wp-json\/wp\/v2\/pages"}],"about":[{"href":"https:\/\/kcb-braugold.de\/startseite\/wp-json\/wp\/v2\/types\/page"}],"author":[{"embeddable":true,"href":"https:\/\/kcb-braugold.de\/startseite\/wp-json\/wp\/v2\/users\/7"}],"replies":[{"embeddable":true,"href":"https:\/\/kcb-braugold.de\/startseite\/wp-json\/wp\/v2\/comments?post=1765"}],"version-history":[{"count":14,"href":"https:\/\/kcb-braugold.de\/startseite\/wp-json\/wp\/v2\/pages\/1765\/revisions"}],"predecessor-version":[{"id":1793,"href":"https:\/\/kcb-braugold.de\/startseite\/wp-json\/wp\/v2\/pages\/1765\/revisions\/1793"}],"wp:attachment":[{"href":"https:\/\/kcb-braugold.de\/startseite\/wp-json\/wp\/v2\/media?parent=1765"}],"curies":[{"name":"wp","href":"https:\/\/api.w.org\/{rel}","templated":true}]}}