{"id":1607,"date":"2024-12-03T09:12:33","date_gmt":"2024-12-03T08:12:33","guid":{"rendered":"https:\/\/kcb-braugold.de\/startseite\/?page_id=1607"},"modified":"2025-03-13T09:04:26","modified_gmt":"2025-03-13T08:04:26","slug":"saison-2024-2025","status":"publish","type":"page","link":"https:\/\/kcb-braugold.de\/startseite\/saison-2024-2025\/","title":{"rendered":"Saison 2024 \/ 2025"},"content":{"rendered":"<p><strong>N\u00e4rrischer Bank\u00fcberfall am Rosenmontag<\/strong><\/p>\n<p><img loading=\"lazy\" decoding=\"async\" class=\"aligncenter size-full wp-image-1839\" src=\"https:\/\/kcb-braugold.de\/startseite\/wp-content\/uploads\/2025\/03\/Bank.jpg\" alt=\"\" width=\"800\" height=\"1800\" srcset=\"https:\/\/kcb-braugold.de\/startseite\/wp-content\/uploads\/2025\/03\/Bank.jpg 800w, https:\/\/kcb-braugold.de\/startseite\/wp-content\/uploads\/2025\/03\/Bank-133x300.jpg 133w, https:\/\/kcb-braugold.de\/startseite\/wp-content\/uploads\/2025\/03\/Bank-455x1024.jpg 455w, https:\/\/kcb-braugold.de\/startseite\/wp-content\/uploads\/2025\/03\/Bank-768x1728.jpg 768w, https:\/\/kcb-braugold.de\/startseite\/wp-content\/uploads\/2025\/03\/Bank-683x1536.jpg 683w\" sizes=\"auto, (max-width: 767px) 89vw, (max-width: 1000px) 54vw, (max-width: 1071px) 543px, 580px\" \/><\/p>\n<p><strong>Gemeinschaftssitzung mit dem FEK<\/strong><\/p>\n<p><img loading=\"lazy\" decoding=\"async\" class=\"aligncenter size-full wp-image-1845\" src=\"https:\/\/kcb-braugold.de\/startseite\/wp-content\/uploads\/2025\/03\/Gemeimschaft-scaled.jpg\" alt=\"\" width=\"1138\" height=\"2560\" srcset=\"https:\/\/kcb-braugold.de\/startseite\/wp-content\/uploads\/2025\/03\/Gemeimschaft-scaled.jpg 1138w, https:\/\/kcb-braugold.de\/startseite\/wp-content\/uploads\/2025\/03\/Gemeimschaft-133x300.jpg 133w, https:\/\/kcb-braugold.de\/startseite\/wp-content\/uploads\/2025\/03\/Gemeimschaft-455x1024.jpg 455w, https:\/\/kcb-braugold.de\/startseite\/wp-content\/uploads\/2025\/03\/Gemeimschaft-768x1728.jpg 768w, https:\/\/kcb-braugold.de\/startseite\/wp-content\/uploads\/2025\/03\/Gemeimschaft-683x1536.jpg 683w, https:\/\/kcb-braugold.de\/startseite\/wp-content\/uploads\/2025\/03\/Gemeimschaft-910x2048.jpg 910w\" sizes=\"auto, (max-width: 767px) 89vw, (max-width: 1000px) 54vw, (max-width: 1071px) 543px, 580px\" \/><\/p>\n<p><strong>Saisoner\u00f6ffnung 11.11.2024<\/strong><img loading=\"lazy\" decoding=\"async\" class=\"aligncenter size-full wp-image-1574\" src=\"https:\/\/kcb-braugold.de\/startseite\/wp-content\/uploads\/2024\/11\/Startseite-Gruppe.jpg\" alt=\"\" width=\"1240\" height=\"826\" srcset=\"https:\/\/kcb-braugold.de\/startseite\/wp-content\/uploads\/2024\/11\/Startseite-Gruppe.jpg 1240w, https:\/\/kcb-braugold.de\/startseite\/wp-content\/uploads\/2024\/11\/Startseite-Gruppe-300x200.jpg 300w, https:\/\/kcb-braugold.de\/startseite\/wp-content\/uploads\/2024\/11\/Startseite-Gruppe-1024x682.jpg 1024w, https:\/\/kcb-braugold.de\/startseite\/wp-content\/uploads\/2024\/11\/Startseite-Gruppe-768x512.jpg 768w\" sizes=\"auto, (max-width: 767px) 89vw, (max-width: 1000px) 54vw, (max-width: 1071px) 543px, 580px\" \/><\/p>\n<p><strong>Ordensevent November 2024 in Witterda<\/strong><br \/>\n<a href=\"https:\/\/kcb-braugold.de\/startseite\/ordensevent-2024\/\">Zum Bericht<\/a><\/p>\n<p><img loading=\"lazy\" decoding=\"async\" class=\"aligncenter size-full wp-image-1752\" src=\"https:\/\/kcb-braugold.de\/startseite\/wp-content\/uploads\/2024\/12\/Galerie_001-scaled.jpg\" alt=\"\" width=\"683\" height=\"2560\" srcset=\"https:\/\/kcb-braugold.de\/startseite\/wp-content\/uploads\/2024\/12\/Galerie_001-scaled.jpg 683w, https:\/\/kcb-braugold.de\/startseite\/wp-content\/uploads\/2024\/12\/Galerie_001-80x300.jpg 80w, https:\/\/kcb-braugold.de\/startseite\/wp-content\/uploads\/2024\/12\/Galerie_001-273x1024.jpg 273w, https:\/\/kcb-braugold.de\/startseite\/wp-content\/uploads\/2024\/12\/Galerie_001-768x2880.jpg 768w, https:\/\/kcb-braugold.de\/startseite\/wp-content\/uploads\/2024\/12\/Galerie_001-410x1536.jpg 410w, https:\/\/kcb-braugold.de\/startseite\/wp-content\/uploads\/2024\/12\/Galerie_001-546x2048.jpg 546w\" sizes=\"auto, (max-width: 683px) 100vw, 683px\" \/><\/p>\n<p>&nbsp;<\/p>\n","protected":false},"excerpt":{"rendered":"<p>N\u00e4rrischer Bank\u00fcberfall am Rosenmontag Gemeinschaftssitzung mit dem FEK Saisoner\u00f6ffnung 11.11.2024 Ordensevent November 2024 in Witterda Zum Bericht &nbsp;<\/p>\n","protected":false},"author":7,"featured_media":0,"parent":0,"menu_order":0,"comment_status":"closed","ping_status":"closed","template":"","meta":{"pgc_sgb_lightbox_settings":"","footnotes":""},"class_list":["post-1607","page","type-page","status-publish","hentry"],"_links":{"self":[{"href":"https:\/\/kcb-braugold.de\/startseite\/wp-json\/wp\/v2\/pages\/1607","targetHints":{"allow":["GET"]}}],"collection":[{"href":"https:\/\/kcb-braugold.de\/startseite\/wp-json\/wp\/v2\/pages"}],"about":[{"href":"https:\/\/kcb-braugold.de\/startseite\/wp-json\/wp\/v2\/types\/page"}],"author":[{"embeddable":true,"href":"https:\/\/kcb-braugold.de\/startseite\/wp-json\/wp\/v2\/users\/7"}],"replies":[{"embeddable":true,"href":"https:\/\/kcb-braugold.de\/startseite\/wp-json\/wp\/v2\/comments?post=1607"}],"version-history":[{"count":14,"href":"https:\/\/kcb-braugold.de\/startseite\/wp-json\/wp\/v2\/pages\/1607\/revisions"}],"predecessor-version":[{"id":1840,"href":"https:\/\/kcb-braugold.de\/startseite\/wp-json\/wp\/v2\/pages\/1607\/revisions\/1840"}],"wp:attachment":[{"href":"https:\/\/kcb-braugold.de\/startseite\/wp-json\/wp\/v2\/media?parent=1607"}],"curies":[{"name":"wp","href":"https:\/\/api.w.org\/{rel}","templated":true}]}}