{"id":1582,"date":"2024-12-03T08:55:24","date_gmt":"2024-12-03T07:55:24","guid":{"rendered":"https:\/\/kcb-braugold.de\/startseite\/?page_id=1582"},"modified":"2024-12-04T10:35:39","modified_gmt":"2024-12-04T09:35:39","slug":"ordensevent-2024","status":"publish","type":"page","link":"https:\/\/kcb-braugold.de\/startseite\/ordensevent-2024\/","title":{"rendered":"Ordensevent 2024"},"content":{"rendered":"<p><strong>Zu unserer Jubil\u00e4umssession haben wir zum Ordensevent geladen.<\/strong><br \/>\n<strong>Am 17. November begr\u00fc\u00dften wir neben unseren Vereinsmitgliedern auch unsere Sponsoren.<\/strong><\/p>\n<p><img loading=\"lazy\" decoding=\"async\" class=\"aligncenter size-full wp-image-1591\" src=\"https:\/\/kcb-braugold.de\/startseite\/wp-content\/uploads\/2024\/12\/001-Orden.jpg\" alt=\"\" width=\"600\" height=\"400\" srcset=\"https:\/\/kcb-braugold.de\/startseite\/wp-content\/uploads\/2024\/12\/001-Orden.jpg 600w, https:\/\/kcb-braugold.de\/startseite\/wp-content\/uploads\/2024\/12\/001-Orden-300x200.jpg 300w\" sizes=\"auto, (max-width: 600px) 100vw, 600px\" \/><\/p>\n<p>Wir stimmten die 5. Jahreszeit mit einem bunten Rahmenprogramm unserer Jugend und Junioren mit Tanz und\u00a0B\u00fctt ein.<\/p>\n<p>Neben\u00a0u<span style=\"font-size: 1rem;\">nseren Sessionsorden gab es ebenfalls viele Auszeichnungen und Urkunden zu verteilen. Mit einem gro\u00dfen Dankesch\u00f6n an unsere Sponsoren sowie an unsere flei\u00dfigen Helfer vor und hinter den Kulissen lie\u00dfen wir uns ein k\u00f6stliches Mittagessen und den selbst gebackenen Kuchen schmecken.<\/span><\/p>\n<p><img loading=\"lazy\" decoding=\"async\" class=\"aligncenter size-full wp-image-1592\" src=\"https:\/\/kcb-braugold.de\/startseite\/wp-content\/uploads\/2024\/12\/002-Orden.jpg\" alt=\"\" width=\"602\" height=\"400\" srcset=\"https:\/\/kcb-braugold.de\/startseite\/wp-content\/uploads\/2024\/12\/002-Orden.jpg 602w, https:\/\/kcb-braugold.de\/startseite\/wp-content\/uploads\/2024\/12\/002-Orden-300x199.jpg 300w\" sizes=\"auto, (max-width: 602px) 100vw, 602px\" \/><\/p>\n<p>Ein gro\u00dfes Highlight bildete die Wahl des Kinderpr\u00e4sidenten. Alle Kinder des Vereins durften per Handzeichen abstimmen und w\u00e4hlten Leopold ins Amt.<br \/>\nWir freuen uns als Vorstand \u00fcber diese tatkr\u00e4ftige Unterst\u00fctzung und w\u00fcnschen viel Erfolg und Freude im neuen Amt.<\/p>\n<p>Ein runder Abschluss bildete unser Gemeinschaftstanz, in dem alle Vereinsmitglieder gemeinsam diesen rundum gelungenen Tag feierten.<\/p>\n<p><a href=\"https:\/\/kcb-braugold.de\/startseite\/saison-2024-2025\/\">Zur Galerie<\/a><\/p>\n","protected":false},"excerpt":{"rendered":"<p>Zu unserer Jubil\u00e4umssession haben wir zum Ordensevent geladen. Am 17. November begr\u00fc\u00dften wir neben unseren Vereinsmitgliedern auch unsere Sponsoren. Wir stimmten die 5. Jahreszeit mit einem bunten Rahmenprogramm unserer Jugend und Junioren mit Tanz und\u00a0B\u00fctt ein. Neben\u00a0unseren Sessionsorden gab es ebenfalls viele Auszeichnungen und Urkunden zu verteilen. Mit einem gro\u00dfen Dankesch\u00f6n an unsere Sponsoren sowie &hellip; <\/p>\n<p class=\"link-more\"><a href=\"https:\/\/kcb-braugold.de\/startseite\/ordensevent-2024\/\" class=\"more-link\"><span class=\"screen-reader-text\">\u201eOrdensevent 2024\u201c <\/span>weiterlesen<\/a><\/p>\n","protected":false},"author":7,"featured_media":0,"parent":0,"menu_order":0,"comment_status":"closed","ping_status":"closed","template":"","meta":{"pgc_sgb_lightbox_settings":"","footnotes":""},"class_list":["post-1582","page","type-page","status-publish","hentry"],"_links":{"self":[{"href":"https:\/\/kcb-braugold.de\/startseite\/wp-json\/wp\/v2\/pages\/1582","targetHints":{"allow":["GET"]}}],"collection":[{"href":"https:\/\/kcb-braugold.de\/startseite\/wp-json\/wp\/v2\/pages"}],"about":[{"href":"https:\/\/kcb-braugold.de\/startseite\/wp-json\/wp\/v2\/types\/page"}],"author":[{"embeddable":true,"href":"https:\/\/kcb-braugold.de\/startseite\/wp-json\/wp\/v2\/users\/7"}],"replies":[{"embeddable":true,"href":"https:\/\/kcb-braugold.de\/startseite\/wp-json\/wp\/v2\/comments?post=1582"}],"version-history":[{"count":8,"href":"https:\/\/kcb-braugold.de\/startseite\/wp-json\/wp\/v2\/pages\/1582\/revisions"}],"predecessor-version":[{"id":1747,"href":"https:\/\/kcb-braugold.de\/startseite\/wp-json\/wp\/v2\/pages\/1582\/revisions\/1747"}],"wp:attachment":[{"href":"https:\/\/kcb-braugold.de\/startseite\/wp-json\/wp\/v2\/media?parent=1582"}],"curies":[{"name":"wp","href":"https:\/\/api.w.org\/{rel}","templated":true}]}}