{"id":1513,"date":"2023-11-13T19:09:52","date_gmt":"2023-11-13T18:09:52","guid":{"rendered":"https:\/\/kcb-braugold.de\/startseite\/?page_id=1513"},"modified":"2024-12-03T08:58:16","modified_gmt":"2024-12-03T07:58:16","slug":"ordensevent","status":"publish","type":"page","link":"https:\/\/kcb-braugold.de\/startseite\/ordensevent\/","title":{"rendered":"Ordensevent 2023"},"content":{"rendered":"<p><img loading=\"lazy\" decoding=\"async\" class=\"aligncenter size-full wp-image-1514\" src=\"https:\/\/kcb-braugold.de\/startseite\/wp-content\/uploads\/2023\/11\/Ordensevent-scaled.jpg\" alt=\"\" width=\"2560\" height=\"976\" srcset=\"https:\/\/kcb-braugold.de\/startseite\/wp-content\/uploads\/2023\/11\/Ordensevent-scaled.jpg 2560w, https:\/\/kcb-braugold.de\/startseite\/wp-content\/uploads\/2023\/11\/Ordensevent-300x114.jpg 300w, https:\/\/kcb-braugold.de\/startseite\/wp-content\/uploads\/2023\/11\/Ordensevent-1024x390.jpg 1024w, https:\/\/kcb-braugold.de\/startseite\/wp-content\/uploads\/2023\/11\/Ordensevent-768x293.jpg 768w, https:\/\/kcb-braugold.de\/startseite\/wp-content\/uploads\/2023\/11\/Ordensevent-1536x585.jpg 1536w, https:\/\/kcb-braugold.de\/startseite\/wp-content\/uploads\/2023\/11\/Ordensevent-2048x780.jpg 2048w\" sizes=\"auto, (max-width: 767px) 89vw, (max-width: 1000px) 54vw, (max-width: 1071px) 543px, 580px\" \/><\/p>\n<p><strong>Auch nach 49 Jahren Vereinsgeschichte kann der Karneval-Club Braugold immer noch Premieren verzeichnen: Am 12.11.2023 fand unser erstes Ordensevent statt.<\/strong><\/p>\n<p>Nach einiger intensiver Planungswochen fieberten wir diesen besonderen Tag entgegen und freuten uns \u00fcber ein positives Feedback von Klein bis Gro\u00df. Bei Kaffee und Kuchen verbrachten wir einen sch\u00f6nen Nachmittag und nutzen die Gelegenheit einmal \u201eDanke\u201c zu sagen an unsere Sponsoren, Ehrenmitglieder sowie an alle flei\u00dfigen Helfer.<\/p>\n<p>Auch das Kinderprinzenpaar \u2013 mit musikalischer Begleitung durch die KKH-Trommler \u2013 machten u.a. diesen Nachmittag zu einem rundum unvergesslichen Tag.<\/p>\n<p>Mit diesem gro\u00dfartigen Start in die neue Session, freuen wir uns bereits jetzt auf unsere kommenden Veranstaltungen.<\/p>\n<p>&nbsp;<\/p>\n<p>Hier geht es zu unseren <a href=\"https:\/\/kcb-braugold.de\/startseite\/veranstaltungen\/\">Veranstaltungen.<\/a><\/p>\n","protected":false},"excerpt":{"rendered":"<p>Auch nach 49 Jahren Vereinsgeschichte kann der Karneval-Club Braugold immer noch Premieren verzeichnen: Am 12.11.2023 fand unser erstes Ordensevent statt. Nach einiger intensiver Planungswochen fieberten wir diesen besonderen Tag entgegen und freuten uns \u00fcber ein positives Feedback von Klein bis Gro\u00df. Bei Kaffee und Kuchen verbrachten wir einen sch\u00f6nen Nachmittag und nutzen die Gelegenheit einmal &hellip; <\/p>\n<p class=\"link-more\"><a href=\"https:\/\/kcb-braugold.de\/startseite\/ordensevent\/\" class=\"more-link\"><span class=\"screen-reader-text\">\u201eOrdensevent 2023\u201c <\/span>weiterlesen<\/a><\/p>\n","protected":false},"author":7,"featured_media":0,"parent":0,"menu_order":0,"comment_status":"closed","ping_status":"closed","template":"","meta":{"pgc_sgb_lightbox_settings":"","footnotes":""},"class_list":["post-1513","page","type-page","status-publish","hentry"],"_links":{"self":[{"href":"https:\/\/kcb-braugold.de\/startseite\/wp-json\/wp\/v2\/pages\/1513","targetHints":{"allow":["GET"]}}],"collection":[{"href":"https:\/\/kcb-braugold.de\/startseite\/wp-json\/wp\/v2\/pages"}],"about":[{"href":"https:\/\/kcb-braugold.de\/startseite\/wp-json\/wp\/v2\/types\/page"}],"author":[{"embeddable":true,"href":"https:\/\/kcb-braugold.de\/startseite\/wp-json\/wp\/v2\/users\/7"}],"replies":[{"embeddable":true,"href":"https:\/\/kcb-braugold.de\/startseite\/wp-json\/wp\/v2\/comments?post=1513"}],"version-history":[{"count":5,"href":"https:\/\/kcb-braugold.de\/startseite\/wp-json\/wp\/v2\/pages\/1513\/revisions"}],"predecessor-version":[{"id":1597,"href":"https:\/\/kcb-braugold.de\/startseite\/wp-json\/wp\/v2\/pages\/1513\/revisions\/1597"}],"wp:attachment":[{"href":"https:\/\/kcb-braugold.de\/startseite\/wp-json\/wp\/v2\/media?parent=1513"}],"curies":[{"name":"wp","href":"https:\/\/api.w.org\/{rel}","templated":true}]}}