{"id":1415,"date":"2023-10-10T12:53:44","date_gmt":"2023-10-10T10:53:44","guid":{"rendered":"https:\/\/kcb-braugold.de\/startseite\/?page_id=1415"},"modified":"2023-10-10T12:53:44","modified_gmt":"2023-10-10T10:53:44","slug":"trainingslager","status":"publish","type":"page","link":"https:\/\/kcb-braugold.de\/startseite\/trainingslager\/","title":{"rendered":"Trainingslager"},"content":{"rendered":"<p><strong>Auch wenn die Karnevalssession noch etwas auf sich warten lies, so standen im September 2023 die Th\u00fcringer Meisterschaften vor der T\u00fcr. Ein Grund mehr zur Freude, denn das hei\u00dft: Trainingslager!<\/strong><\/p>\n<p><img loading=\"lazy\" decoding=\"async\" class=\"aligncenter size-full wp-image-1417\" src=\"https:\/\/kcb-braugold.de\/startseite\/wp-content\/uploads\/2023\/10\/TL2023-02.jpg\" alt=\"\" width=\"1400\" height=\"451\" srcset=\"https:\/\/kcb-braugold.de\/startseite\/wp-content\/uploads\/2023\/10\/TL2023-02.jpg 1400w, https:\/\/kcb-braugold.de\/startseite\/wp-content\/uploads\/2023\/10\/TL2023-02-300x97.jpg 300w, https:\/\/kcb-braugold.de\/startseite\/wp-content\/uploads\/2023\/10\/TL2023-02-1024x330.jpg 1024w, https:\/\/kcb-braugold.de\/startseite\/wp-content\/uploads\/2023\/10\/TL2023-02-768x247.jpg 768w\" sizes=\"auto, (max-width: 767px) 89vw, (max-width: 1000px) 54vw, (max-width: 1071px) 543px, 580px\" \/><\/p>\n<p>Am 25. August starteten wir von Erfurt aus, mit ganz viel Spa\u00df und Trainingssachen im Gep\u00e4ck, nach Tambach Dietharz. Nach einem herzlichen Empfang, wurden die Zimmer bezogen und die ersten Trainingseinheiten vorgenommen. Mit einem gem\u00fctlichen Abendprogramm schlummerten anschlie\u00dfend alle Tief und Fest in ihren Betten und freuten sich auf die n\u00e4chsten 2 Tage intensivstes Training und dem traditionellen Vortanzen.<br \/>\nAm Samstag starteten wir mit einer gemeinsamen Erw\u00e4rmung. Die T\u00e4nze wurden vom Trainerstab und T\u00e4nzern begutachtet, analysiert und anschlie\u00dfend wurde weiter an Schritten und Formationen gearbeitet. Nach einem erfolgreichen Trainingstag lie\u00dfen wir den Abend ausklingen .<br \/>\nAm letzten Tag, starteten wir am Vormittag, nochmal in eine kleinere Trainingseinheit. Nach dem Vortanzen und einem gemeinsamen Mittagessen, bei Nudeln mit Tomatenso\u00dfe, hie\u00df es dann auch schon wieder Abschied nehmen.<\/p>\n<p><img loading=\"lazy\" decoding=\"async\" class=\"aligncenter size-full wp-image-1416\" src=\"https:\/\/kcb-braugold.de\/startseite\/wp-content\/uploads\/2023\/10\/TL2023-01.jpg\" alt=\"\" width=\"1400\" height=\"451\" srcset=\"https:\/\/kcb-braugold.de\/startseite\/wp-content\/uploads\/2023\/10\/TL2023-01.jpg 1400w, https:\/\/kcb-braugold.de\/startseite\/wp-content\/uploads\/2023\/10\/TL2023-01-300x97.jpg 300w, https:\/\/kcb-braugold.de\/startseite\/wp-content\/uploads\/2023\/10\/TL2023-01-1024x330.jpg 1024w, https:\/\/kcb-braugold.de\/startseite\/wp-content\/uploads\/2023\/10\/TL2023-01-768x247.jpg 768w\" sizes=\"auto, (max-width: 767px) 89vw, (max-width: 1000px) 54vw, (max-width: 1071px) 543px, 580px\" \/><\/p>\n<p>Mit ganz vielen neuen Ideen und Eindr\u00fccken im Gep\u00e4ck sind wir anschlie\u00dfend wieder in Erfurt angekommen und freuen uns bereits jetzt schon wieder auf das n\u00e4chste Mal.<\/p>\n","protected":false},"excerpt":{"rendered":"<p>Auch wenn die Karnevalssession noch etwas auf sich warten lies, so standen im September 2023 die Th\u00fcringer Meisterschaften vor der T\u00fcr. Ein Grund mehr zur Freude, denn das hei\u00dft: Trainingslager! Am 25. August starteten wir von Erfurt aus, mit ganz viel Spa\u00df und Trainingssachen im Gep\u00e4ck, nach Tambach Dietharz. Nach einem herzlichen Empfang, wurden die &hellip; <\/p>\n<p class=\"link-more\"><a href=\"https:\/\/kcb-braugold.de\/startseite\/trainingslager\/\" class=\"more-link\"><span class=\"screen-reader-text\">\u201eTrainingslager\u201c <\/span>weiterlesen<\/a><\/p>\n","protected":false},"author":7,"featured_media":0,"parent":0,"menu_order":0,"comment_status":"closed","ping_status":"closed","template":"","meta":{"pgc_sgb_lightbox_settings":"","footnotes":""},"class_list":["post-1415","page","type-page","status-publish","hentry"],"_links":{"self":[{"href":"https:\/\/kcb-braugold.de\/startseite\/wp-json\/wp\/v2\/pages\/1415","targetHints":{"allow":["GET"]}}],"collection":[{"href":"https:\/\/kcb-braugold.de\/startseite\/wp-json\/wp\/v2\/pages"}],"about":[{"href":"https:\/\/kcb-braugold.de\/startseite\/wp-json\/wp\/v2\/types\/page"}],"author":[{"embeddable":true,"href":"https:\/\/kcb-braugold.de\/startseite\/wp-json\/wp\/v2\/users\/7"}],"replies":[{"embeddable":true,"href":"https:\/\/kcb-braugold.de\/startseite\/wp-json\/wp\/v2\/comments?post=1415"}],"version-history":[{"count":2,"href":"https:\/\/kcb-braugold.de\/startseite\/wp-json\/wp\/v2\/pages\/1415\/revisions"}],"predecessor-version":[{"id":1419,"href":"https:\/\/kcb-braugold.de\/startseite\/wp-json\/wp\/v2\/pages\/1415\/revisions\/1419"}],"wp:attachment":[{"href":"https:\/\/kcb-braugold.de\/startseite\/wp-json\/wp\/v2\/media?parent=1415"}],"curies":[{"name":"wp","href":"https:\/\/api.w.org\/{rel}","templated":true}]}}