{"id":1395,"date":"2023-10-10T12:34:21","date_gmt":"2023-10-10T10:34:21","guid":{"rendered":"https:\/\/kcb-braugold.de\/startseite\/?page_id=1395"},"modified":"2023-10-10T12:45:00","modified_gmt":"2023-10-10T10:45:00","slug":"landesmeisterschaften","status":"publish","type":"page","link":"https:\/\/kcb-braugold.de\/startseite\/landesmeisterschaften\/","title":{"rendered":"Landesmeisterschaften 2023"},"content":{"rendered":"<p><strong>In diesem Jahr war es wieder soweit und die 30. Th\u00fcringer Meisterschaft stand an. 5 U<\/strong><strong>hr in der Fr\u00fch fuhren wir aus Erfurt los, das Ziel &#8211; Greiz! Im \u201eGep\u00e4ck\u201c 8 T\u00e4nze f\u00fcr die Landesmeisterschaft.<\/strong><\/p>\n<p><img loading=\"lazy\" decoding=\"async\" class=\"aligncenter size-full wp-image-1405\" src=\"https:\/\/kcb-braugold.de\/startseite\/wp-content\/uploads\/2023\/10\/TM2023-01.jpg\" alt=\"\" width=\"1400\" height=\"451\" srcset=\"https:\/\/kcb-braugold.de\/startseite\/wp-content\/uploads\/2023\/10\/TM2023-01.jpg 1400w, https:\/\/kcb-braugold.de\/startseite\/wp-content\/uploads\/2023\/10\/TM2023-01-300x97.jpg 300w, https:\/\/kcb-braugold.de\/startseite\/wp-content\/uploads\/2023\/10\/TM2023-01-1024x330.jpg 1024w, https:\/\/kcb-braugold.de\/startseite\/wp-content\/uploads\/2023\/10\/TM2023-01-768x247.jpg 768w\" sizes=\"auto, (max-width: 767px) 89vw, (max-width: 1000px) 54vw, (max-width: 1071px) 543px, 580px\" \/><\/p>\n<p>Unser Tanzpaar Emilia und Jan sind mit Startnummer eins auf die B\u00fchne und haben die Meisterschaft er\u00f6ffnet &#8211; und siehe da, Landesmeister und somit die Qualifikation f\u00fcr das Halbfinale der Deutschen Meisterschaft.<br \/>\nAls n\u00e4chstes ging unsere Puffbohnengarde mit einer Mannschaftsst\u00e4rke von 8 T\u00e4nzern auf die B\u00fchne. Die Aufregung war sehr gro\u00df, dennoch ertanzten sie sich einen tollen 5.Platz.<\/p>\n<p>Auch f\u00fcr unsere Fhenja-Sophie und Heidi-Malou ging es auf die B\u00fchne im Bereich Jugendmariechen. Fhenja-Sophie ertanzte auf ihrem allerersten Turnier einen wunderbaren 8.Platz von 21.<br \/>\nHeidi-Malou war in Topform und war fest entschlossen, doch leider wurde ihre Leistung nicht so belohnt wie erhofft, so blieb nur ein 7.Platz h\u00e4ngen. Wir fanden euch grandios, ihr wart einfach spitze!<\/p>\n<p>Danach hie\u00df es f\u00fcr Heidi-Malou sofort umziehen, denn mit Startnummer eins musste sie sofort wieder f\u00fcr den Schautanz bereit sein. Mit dem Thema &#8222;Ohne Flei\u00df kein Preis &#8211; Hogwarts Zauberlehrlinge in H\u00f6chstform&#8220;, konnten unsere<br \/>\nM\u00e4dels und Jungs einen guten 4.Platz ertanzen und sind knapp am Treppchen vorbei.<\/p>\n<p><img loading=\"lazy\" decoding=\"async\" class=\"aligncenter size-full wp-image-1406\" src=\"https:\/\/kcb-braugold.de\/startseite\/wp-content\/uploads\/2023\/10\/TM2023-02.jpg\" alt=\"\" width=\"1400\" height=\"623\" srcset=\"https:\/\/kcb-braugold.de\/startseite\/wp-content\/uploads\/2023\/10\/TM2023-02.jpg 1400w, https:\/\/kcb-braugold.de\/startseite\/wp-content\/uploads\/2023\/10\/TM2023-02-300x134.jpg 300w, https:\/\/kcb-braugold.de\/startseite\/wp-content\/uploads\/2023\/10\/TM2023-02-1024x456.jpg 1024w, https:\/\/kcb-braugold.de\/startseite\/wp-content\/uploads\/2023\/10\/TM2023-02-768x342.jpg 768w\" sizes=\"auto, (max-width: 767px) 89vw, (max-width: 1000px) 54vw, (max-width: 1071px) 543px, 580px\" \/><\/p>\n<p>Nach der Mittagspause ging es dann f\u00fcr unsere Junioren los. Unsere Eulenspiegelgarde ging nach vielen Jahren auch das 1. Mal wieder an den Start. Mit einer Mannschaftsst\u00e4rke von 6 T\u00e4nzern konnten sie einen guten 4.Platz erreichen.<\/p>\n<p>Auch bei den Juniorenmariechen haben wir 2 Starter dabei gehabt. Jolina-Kim ist mit einem gro\u00dfen Traum in unseren Verein gekommen &#8211; endlich auf einer Meisterschaftsb\u00fchne als Mariechen stehen. Mit viel Flei\u00df und Hingabe hat sie es geschafft einen turniertauglichen Tanz zu pr\u00e4sentieren. Nun kann sie sich 5. Bestes Mariechen aus Th\u00fcringen nennen. Wir wissen da ist noch viel Luft nach oben und sind sehr gespannt und freuen uns dich weiter zu begleiten. Unsere Scarlet-Elaine war auch mit am Start und konnte sich einen wundersch\u00f6nen Tanz im Vorfeld erarbeiten. Am Turniertag wussten wir aber noch nicht, ob Scarlet-Elaine tanzen kann. Wir waren alle sehr nerv\u00f6s und bangten, so schafften wir es als Team, dass sie mit Startnummer 11 die B\u00fchne betrat. Ein fast fehlerfreier Tanz und k\u00e4mpfen bis zur letzten Sekunde, r\u00fchrte uns zu Tr\u00e4nen. Die Anspannung war uns ins Gesicht geschrieben und die Angst gro\u00df, wie die Wertungsrichter es beurteilen, denn wir hatten es bei Heidi erlebt\u2026 und da flogen sie, die 80er Wertungen &#8211; u.a eine 84! Am Ende hie\u00df es Platz 3 von 15. Wir sind unfassbar stolz auf unsere Turniert\u00e4nzer, man muss es erstmal schaffen bis Mitte September Turniert\u00e4nze in neuen Formationen zu stellen und so erfolgreich zusein.<\/p>\n<p>Die Agenda kann sich sehen lassen, denn bis heute hat der KCB 6 Landesmeistertitel, 9 Vizemeistertitel und 12 Trizemeistertitel. Eine wahrlich phantastische Agenda und wir hoffen, dass wir weiterhin so erfolgreich den Turniertanz bestreiten k\u00f6nnen.<\/p>\n","protected":false},"excerpt":{"rendered":"<p>In diesem Jahr war es wieder soweit und die 30. Th\u00fcringer Meisterschaft stand an. 5 Uhr in der Fr\u00fch fuhren wir aus Erfurt los, das Ziel &#8211; Greiz! Im \u201eGep\u00e4ck\u201c 8 T\u00e4nze f\u00fcr die Landesmeisterschaft. Unser Tanzpaar Emilia und Jan sind mit Startnummer eins auf die B\u00fchne und haben die Meisterschaft er\u00f6ffnet &#8211; und siehe &hellip; <\/p>\n<p class=\"link-more\"><a href=\"https:\/\/kcb-braugold.de\/startseite\/landesmeisterschaften\/\" class=\"more-link\"><span class=\"screen-reader-text\">\u201eLandesmeisterschaften 2023\u201c <\/span>weiterlesen<\/a><\/p>\n","protected":false},"author":7,"featured_media":0,"parent":0,"menu_order":0,"comment_status":"closed","ping_status":"closed","template":"","meta":{"pgc_sgb_lightbox_settings":"","footnotes":""},"class_list":["post-1395","page","type-page","status-publish","hentry"],"_links":{"self":[{"href":"https:\/\/kcb-braugold.de\/startseite\/wp-json\/wp\/v2\/pages\/1395","targetHints":{"allow":["GET"]}}],"collection":[{"href":"https:\/\/kcb-braugold.de\/startseite\/wp-json\/wp\/v2\/pages"}],"about":[{"href":"https:\/\/kcb-braugold.de\/startseite\/wp-json\/wp\/v2\/types\/page"}],"author":[{"embeddable":true,"href":"https:\/\/kcb-braugold.de\/startseite\/wp-json\/wp\/v2\/users\/7"}],"replies":[{"embeddable":true,"href":"https:\/\/kcb-braugold.de\/startseite\/wp-json\/wp\/v2\/comments?post=1395"}],"version-history":[{"count":6,"href":"https:\/\/kcb-braugold.de\/startseite\/wp-json\/wp\/v2\/pages\/1395\/revisions"}],"predecessor-version":[{"id":1404,"href":"https:\/\/kcb-braugold.de\/startseite\/wp-json\/wp\/v2\/pages\/1395\/revisions\/1404"}],"wp:attachment":[{"href":"https:\/\/kcb-braugold.de\/startseite\/wp-json\/wp\/v2\/media?parent=1395"}],"curies":[{"name":"wp","href":"https:\/\/api.w.org\/{rel}","templated":true}]}}